{"id":50,"date":"2013-04-04T14:16:15","date_gmt":"2013-04-04T12:16:15","guid":{"rendered":"http:\/\/www.multiker.hu\/szigliget\/?page_id=50"},"modified":"2023-01-09T16:12:50","modified_gmt":"2023-01-09T15:12:50","slug":"fizetesi-modok","status":"publish","type":"page","link":"http:\/\/www.szigligeti.udulo.szentes.hu\/?page_id=50","title":{"rendered":"Fizet\u00e9si m\u00f3dok"},"content":{"rendered":"<p>Az ig\u00e9nybe vett szolg\u00e1ltat\u00e1sok ellen\u00e9rt\u00e9k\u00e9t bankk\u00e1rty\u00e1val, el\u0151re utal\u00e1ssal, SZ\u00c9P k\u00e1rty\u00e1val (OTP, K&amp;H, MKB), k\u00e9szp\u00e9nzzel \u00e9s az \u00e1ltatunk kibocs\u00e1tott \u00fcd\u00fcl\u00e9si utalv\u00e1nnyal (Voucher) lehet kifizetni. Az idegenforgalmi ad\u00f3 (IFA) \u00f6sszege csak bankk\u00e1rty\u00e1val \u00e9s k\u00e9szp\u00e9nzzel fizethet\u0151, kiv\u00e9ve az adott h\u00f3nap utols\u00f3 h\u00e1rom napj\u00e1t, amikor m\u00e1r csak k\u00e9szp\u00e9nzzel fizethet\u0151 ki az ad\u00f3 \u00f6sszege.<\/p>\n","protected":false},"excerpt":{"rendered":"<p>Az ig\u00e9nybe vett szolg\u00e1ltat\u00e1sok ellen\u00e9rt\u00e9k\u00e9t bankk\u00e1rty\u00e1val, el\u0151re utal\u00e1ssal, SZ\u00c9P k\u00e1rty\u00e1val (OTP, K&amp;H, MKB), k\u00e9szp\u00e9nzzel \u00e9s az \u00e1ltatunk kibocs\u00e1tott \u00fcd\u00fcl\u00e9si utalv\u00e1nnyal (Voucher) lehet kifizetni. Az idegenforgalmi ad\u00f3 (IFA) \u00f6sszege csak bankk\u00e1rty\u00e1val \u00e9s k\u00e9szp\u00e9nzzel fizethet\u0151, kiv\u00e9ve az adott h\u00f3nap utols\u00f3 h\u00e1rom napj\u00e1t, &hellip; <a href=\"http:\/\/www.szigligeti.udulo.szentes.hu\/?page_id=50\">Egy kattint\u00e1s ide a folytat\u00e1shoz&#8230;. <span class=\"meta-nav\">&rarr;<\/span><\/a><\/p>\n","protected":false},"author":1,"featured_media":0,"parent":0,"menu_order":0,"comment_status":"closed","ping_status":"closed","template":"","meta":{"footnotes":""},"_links":{"self":[{"href":"http:\/\/www.szigligeti.udulo.szentes.hu\/index.php?rest_route=\/wp\/v2\/pages\/50"}],"collection":[{"href":"http:\/\/www.szigligeti.udulo.szentes.hu\/index.php?rest_route=\/wp\/v2\/pages"}],"about":[{"href":"http:\/\/www.szigligeti.udulo.szentes.hu\/index.php?rest_route=\/wp\/v2\/types\/page"}],"author":[{"embeddable":true,"href":"http:\/\/www.szigligeti.udulo.szentes.hu\/index.php?rest_route=\/wp\/v2\/users\/1"}],"replies":[{"embeddable":true,"href":"http:\/\/www.szigligeti.udulo.szentes.hu\/index.php?rest_route=%2Fwp%2Fv2%2Fcomments&post=50"}],"version-history":[{"count":6,"href":"http:\/\/www.szigligeti.udulo.szentes.hu\/index.php?rest_route=\/wp\/v2\/pages\/50\/revisions"}],"predecessor-version":[{"id":797,"href":"http:\/\/www.szigligeti.udulo.szentes.hu\/index.php?rest_route=\/wp\/v2\/pages\/50\/revisions\/797"}],"wp:attachment":[{"href":"http:\/\/www.szigligeti.udulo.szentes.hu\/index.php?rest_route=%2Fwp%2Fv2%2Fmedia&parent=50"}],"curies":[{"name":"wp","href":"https:\/\/api.w.org\/{rel}","templated":true}]}}