{"id":18,"date":"2013-04-04T14:02:04","date_gmt":"2013-04-04T12:02:04","guid":{"rendered":"http:\/\/www.multiker.hu\/szigliget\/?page_id=18"},"modified":"2020-09-21T09:26:18","modified_gmt":"2020-09-21T07:26:18","slug":"udvozlo-szoveg","status":"publish","type":"page","link":"http:\/\/www.szigligeti.udulo.szentes.hu\/","title":{"rendered":"Kedves L\u00e1togat\u00f3!"},"content":{"rendered":"<h3>Tisztelettel k\u00f6sz\u00f6ntj\u00fck oldalunkon.<\/h3>\n<p>Tavaszt\u00f3l \u0151szig k\u00fcl\u00f6n\u00f6s \u00e9lm\u00e9nnyel gazdag\u00edthatj\u00e1k kikapcsol\u00f3d\u00e1sra sz\u00e1nt idej\u00fcket, ha ell\u00e1togatnak a dun\u00e1nt\u00fali t\u00e1j legszebb gy\u00f6ngyszemei k\u00f6zt nyilv\u00e1ntartott telep\u00fcl\u00e9sre, <a title=\"Szigliget telep\u00fcl\u00e9s oldala\" href=\"http:\/\/www.szigliget.hu\/main\/\">Szigligetre<\/a>. A Balaton \u00e9szaki partj\u00e1n tal\u00e1lhat\u00f3 h\u00edres, patin\u00e1s \u00fcd\u00fcl\u0151hely a Balatonba m\u00e9lyen beny\u00fal\u00f3, elragad\u00f3 sz\u00e9ps\u00e9g\u0171 f\u00e9lszigeten fekszik. Ennek a term\u00e9szett\u0151l annyi sz\u00e9ps\u00e9ggel megaj\u00e1nd\u00e9kozott telep\u00fcl\u00e9snek k\u00fcl\u00f6n var\u00e1zs\u00e1t adj\u00e1k a hegyoldalakon feh\u00e9rl\u0151 kis pinc\u00e9k, a hegytet\u0151n csonk\u00e1n meredez\u0151 v\u00e1rrom, valamint a k\u00f6z\u00e9pkori falvat jelz\u0151 templomrom \u00e9s a csod\u00e1latos balatoni panor\u00e1ma.<\/p>\n<p>\u00dcd\u00fcl\u0151t\u00e1borunk nem kereskedelmi jelleg\u0171 sz\u00e1ll\u00e1shely, Szigliget egyik legszebb r\u00e9sz\u00e9n, a K\u00fcls\u0151hegyen tal\u00e1lhat\u00f3 gy\u00f6ny\u00f6r\u0171 kil\u00e1t\u00e1ssal a Badacsony nyugati oldal\u00e1ra. Kellemes pihen\u0151hely csal\u00e1dok, bar\u00e1ti t\u00e1rsas\u00e1gok, di\u00e1kcsoportok sz\u00e1m\u00e1ra. El\u0151- \u00e9s ut\u00f3szezonban tanulm\u00e1nyi kir\u00e1ndul\u00e1sokra, erdei iskol\u00e1ba, szakmai tov\u00e1bbk\u00e9pz\u00e9sekre, f\u0151id\u00e9nyben alkot\u00f3 \u00e9s m\u0171v\u00e9szeti, valamint ny\u00e1ri szabadid\u0151 t\u00e1borba v\u00e1rjuk az \u00e9rdekl\u0151d\u0151ket. A pihenni v\u00e1gy\u00f3 csal\u00e1doknak is tartalmas, \u00e9lm\u00e9nyekben gazdag id\u0151t\u00f6lt\u00e9sre k\u00edn\u00e1lunk lehet\u0151s\u00e9get. A strandol\u00e1son, vitorl\u00e1z\u00e1son t\u00fal a helyi aktu\u00e1lis <a href=\"http:\/\/szigliget.hu\/index.php\/turizmus\/programnaptar\"><span style=\"text-decoration: underline;\">programokkal<\/span><\/a> v\u00e1rjuk a kir\u00e1ndul\u00f3kat.<\/p>\n<p>Abban biztosak vagyunk, hogy \u00fcd\u00fcl\u0151t\u00e1borban \u00e9s a k\u00f6zs\u00e9gben elt\u00f6lt\u00f6tt id\u0151 majdan \u00e9let\u00fck kellemes \u00f3r\u00e1ik\u00e9nt fog megjelenni eml\u00e9kezet\u00fckben.<\/p>\n<p>\u00d6r\u00f6mteli pihen\u00e9st \u00e9s hasznos id\u0151t\u00f6lt\u00e9st k\u00edv\u00e1n \u00d6n\u00f6knek az \u00fcd\u00fcl\u0151t\u00e1bor szem\u00e9lyzete.<\/p>\n","protected":false},"excerpt":{"rendered":"<p>Tisztelettel k\u00f6sz\u00f6ntj\u00fck oldalunkon. Tavaszt\u00f3l \u0151szig k\u00fcl\u00f6n\u00f6s \u00e9lm\u00e9nnyel gazdag\u00edthatj\u00e1k kikapcsol\u00f3d\u00e1sra sz\u00e1nt idej\u00fcket, ha ell\u00e1togatnak a dun\u00e1nt\u00fali t\u00e1j legszebb gy\u00f6ngyszemei k\u00f6zt nyilv\u00e1ntartott telep\u00fcl\u00e9sre, Szigligetre. A Balaton \u00e9szaki partj\u00e1n tal\u00e1lhat\u00f3 h\u00edres, patin\u00e1s \u00fcd\u00fcl\u0151hely a Balatonba m\u00e9lyen beny\u00fal\u00f3, elragad\u00f3 sz\u00e9ps\u00e9g\u0171 f\u00e9lszigeten fekszik. Ennek a &hellip; <a href=\"http:\/\/www.szigligeti.udulo.szentes.hu\/\">Egy kattint\u00e1s ide a folytat\u00e1shoz&#8230;. <span class=\"meta-nav\">&rarr;<\/span><\/a><\/p>\n","protected":false},"author":1,"featured_media":0,"parent":0,"menu_order":0,"comment_status":"closed","ping_status":"closed","template":"","meta":{"footnotes":""},"_links":{"self":[{"href":"http:\/\/www.szigligeti.udulo.szentes.hu\/index.php?rest_route=\/wp\/v2\/pages\/18"}],"collection":[{"href":"http:\/\/www.szigligeti.udulo.szentes.hu\/index.php?rest_route=\/wp\/v2\/pages"}],"about":[{"href":"http:\/\/www.szigligeti.udulo.szentes.hu\/index.php?rest_route=\/wp\/v2\/types\/page"}],"author":[{"embeddable":true,"href":"http:\/\/www.szigligeti.udulo.szentes.hu\/index.php?rest_route=\/wp\/v2\/users\/1"}],"replies":[{"embeddable":true,"href":"http:\/\/www.szigligeti.udulo.szentes.hu\/index.php?rest_route=%2Fwp%2Fv2%2Fcomments&post=18"}],"version-history":[{"count":7,"href":"http:\/\/www.szigligeti.udulo.szentes.hu\/index.php?rest_route=\/wp\/v2\/pages\/18\/revisions"}],"predecessor-version":[{"id":685,"href":"http:\/\/www.szigligeti.udulo.szentes.hu\/index.php?rest_route=\/wp\/v2\/pages\/18\/revisions\/685"}],"wp:attachment":[{"href":"http:\/\/www.szigligeti.udulo.szentes.hu\/index.php?rest_route=%2Fwp%2Fv2%2Fmedia&parent=18"}],"curies":[{"name":"wp","href":"https:\/\/api.w.org\/{rel}","templated":true}]}}